{"id":13,"date":"2013-07-31T15:32:28","date_gmt":"2013-07-31T13:32:28","guid":{"rendered":"http:\/\/huii.dyndns.org\/?page_id=13"},"modified":"2015-08-13T19:08:39","modified_gmt":"2015-08-13T19:08:39","slug":"impressum","status":"publish","type":"page","link":"http:\/\/fra.nzhoffmann.de\/?page_id=13","title":{"rendered":"Impressum"},"content":{"rendered":"<p>Um auch dem <a title=\"\u00a75 TMG\" href=\"http:\/\/www.gesetze-im-internet.de\/tmg\/__5.html\">Gesetz<\/a> zu entsprechen:<\/p>\n<p>Diese Seiten werden betrieben von Franz Hoffmann, Weideng\u00e4rten 41, 63456 Hanau.<\/p>\n<p>E-Mails an <a title=\"frh@gmx.de\" href=\"mailto:frh@gmx.de\">frh@gmx.de<\/a> sollten bitte mit diesem <a title=\"GPG-Schl\u00fcssel\" href=\"http:\/\/pool.sks-keyservers.net:11371\/pks\/lookup?op=get&amp;search=0x4E9ABC0A94DC9971\">GPG-Schl\u00fcssel<\/a> verschl\u00fcsselt sein. Der Fingerabdruck ist:<\/p>\n<pre>34CF 7A7F 7A21 EC39 89A3  E465 4E9A BC0A 94DC 9971<\/pre>\n","protected":false},"excerpt":{"rendered":"<p>Um auch dem Gesetz zu entsprechen: Diese Seiten werden betrieben von Franz Hoffmann, Weideng\u00e4rten 41, 63456 Hanau. E-Mails an frh@gmx.de sollten bitte mit diesem GPG-Schl\u00fcssel verschl\u00fcsselt sein. Der Fingerabdruck ist: 34CF 7A7F 7A21 EC39 89A3 E465 4E9A BC0A 94DC 9971<\/p>\n","protected":false},"author":1,"featured_media":0,"parent":0,"menu_order":0,"comment_status":"closed","ping_status":"closed","template":"","meta":{"footnotes":""},"class_list":["post-13","page","type-page","status-publish","hentry"],"_links":{"self":[{"href":"http:\/\/fra.nzhoffmann.de\/index.php?rest_route=\/wp\/v2\/pages\/13","targetHints":{"allow":["GET"]}}],"collection":[{"href":"http:\/\/fra.nzhoffmann.de\/index.php?rest_route=\/wp\/v2\/pages"}],"about":[{"href":"http:\/\/fra.nzhoffmann.de\/index.php?rest_route=\/wp\/v2\/types\/page"}],"author":[{"embeddable":true,"href":"http:\/\/fra.nzhoffmann.de\/index.php?rest_route=\/wp\/v2\/users\/1"}],"replies":[{"embeddable":true,"href":"http:\/\/fra.nzhoffmann.de\/index.php?rest_route=%2Fwp%2Fv2%2Fcomments&post=13"}],"version-history":[{"count":1,"href":"http:\/\/fra.nzhoffmann.de\/index.php?rest_route=\/wp\/v2\/pages\/13\/revisions"}],"predecessor-version":[{"id":182,"href":"http:\/\/fra.nzhoffmann.de\/index.php?rest_route=\/wp\/v2\/pages\/13\/revisions\/182"}],"wp:attachment":[{"href":"http:\/\/fra.nzhoffmann.de\/index.php?rest_route=%2Fwp%2Fv2%2Fmedia&parent=13"}],"curies":[{"name":"wp","href":"https:\/\/api.w.org\/{rel}","templated":true}]}}